{"id":297,"date":"2024-01-25T11:51:41","date_gmt":"2024-01-25T10:51:41","guid":{"rendered":"https:\/\/muzyczna.gowidlino.com\/?page_id=297"},"modified":"2024-01-29T13:28:08","modified_gmt":"2024-01-29T12:28:08","slug":"dofinansowanie","status":"publish","type":"page","link":"https:\/\/muzyczna.gowidlino.com\/?page_id=297","title":{"rendered":"Dofinansowanie"},"content":{"rendered":"\n<figure class=\"wp-block-image size-large\"><img loading=\"lazy\" decoding=\"async\" width=\"1024\" height=\"724\" src=\"https:\/\/muzyczna.gowidlino.com\/wp-content\/uploads\/2024\/01\/Doposaz\u0307enie-Niepublicznej-Szkoly-Muzycznej-I-stopnia-w-Gowidlinie-2-1-1024x724.jpg\" alt=\"\" class=\"wp-image-310\" srcset=\"https:\/\/muzyczna.gowidlino.com\/wp-content\/uploads\/2024\/01\/Doposaz\u0307enie-Niepublicznej-Szkoly-Muzycznej-I-stopnia-w-Gowidlinie-2-1-1024x724.jpg 1024w, https:\/\/muzyczna.gowidlino.com\/wp-content\/uploads\/2024\/01\/Doposaz\u0307enie-Niepublicznej-Szkoly-Muzycznej-I-stopnia-w-Gowidlinie-2-1-300x212.jpg 300w, https:\/\/muzyczna.gowidlino.com\/wp-content\/uploads\/2024\/01\/Doposaz\u0307enie-Niepublicznej-Szkoly-Muzycznej-I-stopnia-w-Gowidlinie-2-1-768x543.jpg 768w, https:\/\/muzyczna.gowidlino.com\/wp-content\/uploads\/2024\/01\/Doposaz\u0307enie-Niepublicznej-Szkoly-Muzycznej-I-stopnia-w-Gowidlinie-2-1-1536x1086.jpg 1536w, https:\/\/muzyczna.gowidlino.com\/wp-content\/uploads\/2024\/01\/Doposaz\u0307enie-Niepublicznej-Szkoly-Muzycznej-I-stopnia-w-Gowidlinie-2-1-2048x1448.jpg 2048w, https:\/\/muzyczna.gowidlino.com\/wp-content\/uploads\/2024\/01\/Doposaz\u0307enie-Niepublicznej-Szkoly-Muzycznej-I-stopnia-w-Gowidlinie-2-1-421x298.jpg 421w\" sizes=\"auto, (max-width: 1024px) 100vw, 1024px\" \/><\/figure>\n\n\n\n<p class=\"has-text-align-center\">Ca\u0142kowita warto\u015b\u0107 zadania &#8211; <strong>62.500,00 z\u0142<\/strong><br>Kwota dofinansowania &#8211; <strong>50.000,00 z\u0142<\/strong><\/p>\n\n\n\n<p class=\"has-text-align-center\"><strong>ZADANIE REALIZOWANE W 2023 ROKU<\/strong><\/p>\n\n\n\n<p class=\"has-text-align-center\">W ramach dofinansowania ze \u015brodk\u00f3w Ministra Kultury i Dziedzictwa Narodowego pochodz\u0105cych z Funduszu Promocji Kultury &#8211; pa\u0144stwowego funduszu celowego, zakupione zosta\u0142y instrumenty muzyczne wspieraj\u0105ce proces edukacyjny uczni\u00f3w Niepublicznej Szko\u0142y Muzycznej I stopnia w Gowidlinie. Zakupione zosta\u0142y:<br><strong>Fortepian<\/strong> marki <strong>Euterpe<\/strong><br><strong> Pianino cyfrowe Yamaha Clavinova<\/strong><br><strong>Akordeon <\/strong>guzikowy marki <strong>PIGINI<\/strong> College<\/p>\n\n\n\n<p><\/p>\n\n\n\n<p><\/p>\n","protected":false},"excerpt":{"rendered":"<p>Ca\u0142kowita warto\u015b\u0107 zadania &#8211; 62.500,00 z\u0142Kwota dofinansowania &#8211; 50.000,00 z\u0142 ZADANIE REALIZOWANE W 2023 ROKU W ramach dofinansowania ze \u015brodk\u00f3w Ministra Kultury i Dziedzictwa Narodowego &hellip;<\/p>\n","protected":false},"author":3,"featured_media":0,"parent":0,"menu_order":0,"comment_status":"closed","ping_status":"closed","template":"","meta":{"footnotes":""},"class_list":["post-297","page","type-page","status-publish","hentry"],"_links":{"self":[{"href":"https:\/\/muzyczna.gowidlino.com\/index.php?rest_route=\/wp\/v2\/pages\/297","targetHints":{"allow":["GET"]}}],"collection":[{"href":"https:\/\/muzyczna.gowidlino.com\/index.php?rest_route=\/wp\/v2\/pages"}],"about":[{"href":"https:\/\/muzyczna.gowidlino.com\/index.php?rest_route=\/wp\/v2\/types\/page"}],"author":[{"embeddable":true,"href":"https:\/\/muzyczna.gowidlino.com\/index.php?rest_route=\/wp\/v2\/users\/3"}],"replies":[{"embeddable":true,"href":"https:\/\/muzyczna.gowidlino.com\/index.php?rest_route=%2Fwp%2Fv2%2Fcomments&post=297"}],"version-history":[{"count":6,"href":"https:\/\/muzyczna.gowidlino.com\/index.php?rest_route=\/wp\/v2\/pages\/297\/revisions"}],"predecessor-version":[{"id":311,"href":"https:\/\/muzyczna.gowidlino.com\/index.php?rest_route=\/wp\/v2\/pages\/297\/revisions\/311"}],"wp:attachment":[{"href":"https:\/\/muzyczna.gowidlino.com\/index.php?rest_route=%2Fwp%2Fv2%2Fmedia&parent=297"}],"curies":[{"name":"wp","href":"https:\/\/api.w.org\/{rel}","templated":true}]}}