{"id":2,"date":"2022-01-27T23:15:09","date_gmt":"2022-01-27T22:15:09","guid":{"rendered":"http:\/\/nuc-home:8883\/?page_id=2"},"modified":"2024-03-30T05:03:04","modified_gmt":"2024-03-30T04:03:04","slug":"przykladowa-strona","status":"publish","type":"page","link":"https:\/\/muzyczna.gowidlino.com\/?page_id=2","title":{"rendered":"O Szkole"},"content":{"rendered":"\t\t<div data-elementor-type=\"wp-page\" data-elementor-id=\"2\" class=\"elementor elementor-2\">\n\t\t\t\t\t\t\t\t\t<section class=\"elementor-section elementor-top-section elementor-element elementor-element-d7da23e elementor-section-boxed elementor-section-height-default elementor-section-height-default\" data-id=\"d7da23e\" data-element_type=\"section\">\n\t\t\t\t\t\t<div class=\"elementor-container elementor-column-gap-default\">\n\t\t\t\t\t<div class=\"elementor-column elementor-col-100 elementor-top-column elementor-element elementor-element-756ea4e\" data-id=\"756ea4e\" data-element_type=\"column\">\n\t\t\t<div class=\"elementor-widget-wrap elementor-element-populated\">\n\t\t\t\t\t\t\t\t<div class=\"elementor-element elementor-element-de8240e elementor-widget elementor-widget-text-editor\" data-id=\"de8240e\" data-element_type=\"widget\" data-widget_type=\"text-editor.default\">\n\t\t\t\t<div class=\"elementor-widget-container\">\n\t\t\t<style>\/*! elementor - v3.7.0 - 08-08-2022 *\/\n.elementor-widget-text-editor.elementor-drop-cap-view-stacked .elementor-drop-cap{background-color:#818a91;color:#fff}.elementor-widget-text-editor.elementor-drop-cap-view-framed .elementor-drop-cap{color:#818a91;border:3px solid;background-color:transparent}.elementor-widget-text-editor:not(.elementor-drop-cap-view-default) .elementor-drop-cap{margin-top:8px}.elementor-widget-text-editor:not(.elementor-drop-cap-view-default) .elementor-drop-cap-letter{width:1em;height:1em}.elementor-widget-text-editor .elementor-drop-cap{float:left;text-align:center;line-height:1;font-size:50px}.elementor-widget-text-editor .elementor-drop-cap-letter{display:inline-block}<\/style>\t\t\t\t<p style=\"font-style: normal; font-variant-ligatures: normal; font-variant-caps: normal; font-weight: 400; font-size: 16px; font-family: Roboto, sans-serif; text-indent: 0px; text-align: justify;\"><span style=\"font-weight: bold;\">Niepubliczna Szko\u0142a Muzyczna I stopnia w Gowidlinie<\/span>\u00a0wpisana zosta\u0142a do ewidencji niepublicznych szk\u00f3\u0142 artystycznych w dniu 15 marca 2021 roku, pod numerem wpisu 850\/2\/2021. Za\u015bwiadczenie o wpisie niepublicznej szko\u0142y artystycznej do ewidencji niepublicznych szk\u00f3\u0142 artystycznych, dokonany zosta\u0142\u00a0 na podstawie art. 168 ust. 9 i 11 z dnia 14 grudnia 2016 r. Prawo O\u015bwiatowe oraz \u00a7 1 rozporz\u0105dzenia Ministra Kultury i Dziedzictwa Narodowego z dnia 2 lipca 2015 r. w sprawie powierzenia specjalistycznej jednostce nadzoru &#8211; Centrum Edukacji Artystycznej prowadzenie ewidencji niepublicznych szk\u00f3\u0142 artystycznych (Dz. U. z 2015 r. poz. 977).<\/p><p style=\"font-style: normal; font-variant-ligatures: normal; font-variant-caps: normal; font-weight: 400; font-size: 16px; font-family: Roboto, sans-serif; text-indent: 0px; text-align: justify;\">Niepubliczna Szko\u0142a Muzyczna I stopnia w Gowidlinie realizuje program nauczania publicznych szk\u00f3\u0142 muzycznych I stopnia w dw\u00f3ch cyklach:\u00a0<span style=\"font-weight: bold;\">sze\u015bcioletnim \/dzieci w wieku 6 &#8211; 10 lat \/ i czteroletnim<\/span> <strong>\/8 &#8211; 16 lat\/<\/strong>,\u00a0<span style=\"text-indent: 0em; color: var( --e-global-color-text );\">w specjalno\u015bciach:\u00a0<span style=\"font-weight: bold;\">fortepian, akordeon, gitara, skrzypce, tr\u0105bka<\/span> <b>i <\/b><strong>klarnet<\/strong><br \/><\/span><\/p><p style=\"font-style: normal; font-variant-ligatures: normal; font-variant-caps: normal; font-weight: 400; font-size: 16px; font-family: Roboto, sans-serif; text-indent: 0px; text-align: justify;\">Nauka w szkole jest odp\u0142atna, szczeg\u00f3\u0142y dotycz\u0105ce p\u0142atno\u015bci znale\u017a\u0107 mo\u017cna w zak\u0142adce &#8211; <a href=\"https:\/\/muzyczna.gowidlino.com\/?page_id=16\">program nauczania<\/a>.<\/p><p>Za\u0142o\u017cycielem i dyrektorem NSM I st. w Gowidlinie jest <strong>dr hab. S\u0142awomir Bronk &#8211; <\/strong>wyk\u0142adowca Akademii Muzycznej im. Stanis\u0142awa Moniuszki w Gda\u0144sku.<\/p>\t\t\t\t\t\t<\/div>\n\t\t\t\t<\/div>\n\t\t\t\t\t<\/div>\n\t\t<\/div>\n\t\t\t\t\t\t\t<\/div>\n\t\t<\/section>\n\t\t\t\t\t\t\t<\/div>\n\t\t","protected":false},"excerpt":{"rendered":"<p>Niepubliczna Szko\u0142a Muzyczna I stopnia w Gowidlinie\u00a0wpisana zosta\u0142a do ewidencji niepublicznych szk\u00f3\u0142 artystycznych w dniu 15 marca 2021 roku, pod numerem wpisu 850\/2\/2021. Za\u015bwiadczenie o &hellip;<\/p>\n","protected":false},"author":1,"featured_media":0,"parent":0,"menu_order":0,"comment_status":"closed","ping_status":"open","template":"","meta":{"footnotes":""},"class_list":["post-2","page","type-page","status-publish","hentry"],"_links":{"self":[{"href":"https:\/\/muzyczna.gowidlino.com\/index.php?rest_route=\/wp\/v2\/pages\/2","targetHints":{"allow":["GET"]}}],"collection":[{"href":"https:\/\/muzyczna.gowidlino.com\/index.php?rest_route=\/wp\/v2\/pages"}],"about":[{"href":"https:\/\/muzyczna.gowidlino.com\/index.php?rest_route=\/wp\/v2\/types\/page"}],"author":[{"embeddable":true,"href":"https:\/\/muzyczna.gowidlino.com\/index.php?rest_route=\/wp\/v2\/users\/1"}],"replies":[{"embeddable":true,"href":"https:\/\/muzyczna.gowidlino.com\/index.php?rest_route=%2Fwp%2Fv2%2Fcomments&post=2"}],"version-history":[{"count":36,"href":"https:\/\/muzyczna.gowidlino.com\/index.php?rest_route=\/wp\/v2\/pages\/2\/revisions"}],"predecessor-version":[{"id":323,"href":"https:\/\/muzyczna.gowidlino.com\/index.php?rest_route=\/wp\/v2\/pages\/2\/revisions\/323"}],"wp:attachment":[{"href":"https:\/\/muzyczna.gowidlino.com\/index.php?rest_route=%2Fwp%2Fv2%2Fmedia&parent=2"}],"curies":[{"name":"wp","href":"https:\/\/api.w.org\/{rel}","templated":true}]}}